{"id":29598,"date":"2024-02-19T15:09:34","date_gmt":"2024-02-19T14:09:34","guid":{"rendered":"https:\/\/impulsate.org\/product\/calendario\/"},"modified":"2024-02-19T15:09:34","modified_gmt":"2024-02-19T14:09:34","slug":"calendario","status":"publish","type":"product","link":"https:\/\/impulsate.org\/es\/producto\/calendario\/","title":{"rendered":"Calendario"},"content":{"rendered":"<h3>Castellano \/ Euskera \/ Catal\u00e0n<br \/>\nDise\u00f1o de Maier King Lara, miembro de la asociaci\u00f3n<\/h3>\n","protected":false},"excerpt":{"rendered":"<p>Castellano \/ Euskera \/ Catal\u00e0n Dise\u00f1o de Maier King Lara, miembro de la asociaci\u00f3n<\/p>\n","protected":false},"featured_media":28971,"comment_status":"open","ping_status":"closed","template":"","meta":{"_acf_changed":false,"give_campaign_id":0},"product_brand":[],"product_cat":[261],"product_tag":[],"class_list":{"0":"post-29598","1":"product","2":"type-product","3":"status-publish","4":"has-post-thumbnail","6":"product_cat-productos-solidarios-es","7":"pa_idioma-castella-es","8":"pa_idioma-catala-es","9":"pa_idioma-euskera-es","11":"first","12":"instock","13":"shipping-taxable","14":"purchasable","15":"product-type-variable"},"acf":[],"_links":{"self":[{"href":"https:\/\/impulsate.org\/es\/wp-json\/wp\/v2\/product\/29598","targetHints":{"allow":["GET"]}}],"collection":[{"href":"https:\/\/impulsate.org\/es\/wp-json\/wp\/v2\/product"}],"about":[{"href":"https:\/\/impulsate.org\/es\/wp-json\/wp\/v2\/types\/product"}],"replies":[{"embeddable":true,"href":"https:\/\/impulsate.org\/es\/wp-json\/wp\/v2\/comments?post=29598"}],"wp:featuredmedia":[{"embeddable":true,"href":"https:\/\/impulsate.org\/es\/wp-json\/wp\/v2\/media\/28971"}],"wp:attachment":[{"href":"https:\/\/impulsate.org\/es\/wp-json\/wp\/v2\/media?parent=29598"}],"wp:term":[{"taxonomy":"product_brand","embeddable":true,"href":"https:\/\/impulsate.org\/es\/wp-json\/wp\/v2\/product_brand?post=29598"},{"taxonomy":"product_cat","embeddable":true,"href":"https:\/\/impulsate.org\/es\/wp-json\/wp\/v2\/product_cat?post=29598"},{"taxonomy":"product_tag","embeddable":true,"href":"https:\/\/impulsate.org\/es\/wp-json\/wp\/v2\/product_tag?post=29598"}],"curies":[{"name":"wp","href":"https:\/\/api.w.org\/{rel}","templated":true}]}}