{"id":22010,"date":"2017-07-20T12:06:03","date_gmt":"2017-07-20T11:06:03","guid":{"rendered":"https:\/\/impulsate.org\/colabora-donativo-puntual\/"},"modified":"2019-12-23T17:45:41","modified_gmt":"2019-12-23T16:45:41","slug":"colabora-donativo-puntual","status":"publish","type":"page","link":"https:\/\/impulsate.org\/es\/colabora-donativo-puntual\/","title":{"rendered":"Donativo puntual"},"content":{"rendered":"<p>[vc_row row_type=\u00bbrow\u00bb use_row_as_full_screen_section=\u00bbno\u00bb type=\u00bbfull_width\u00bb text_align=\u00bbleft\u00bb background_color=\u00bb#f5f5f5&#8243; css_animation=\u00bb\u00bb][vc_column][vc_row_inner row_type=\u00bbrow\u00bb type=\u00bbgrid\u00bb use_row_as_full_screen_section_slide=\u00bbno\u00bb text_align=\u00bbleft\u00bb padding_top=\u00bb80&#8243; css_animation=\u00bb\u00bb][vc_column_inner width=\u00bb1\/2&#8243; css=\u00bb.vc_custom_1500546256789{margin-bottom: 32px !important;}\u00bb][vc_column_text]Amb aquest format podr\u00e0 realitzar donacions \u00faniques fent una transfer\u00e8ncia de l\u2019import que desitgi al compte bancari d\u2019<strong>ImpulsaT<\/strong>:<\/p>\n<p>&nbsp;<\/p>\n<h5><strong>ES97 2100 4815 2322 0004 1516<\/strong><\/h5>\n<p>&nbsp;<\/p>\n<p>Gr\u00e0cies pel seu donatiu!<\/p>\n<p>&nbsp;<\/p>\n<p>Esperem tornar a comptar amb la seva generositat i fidelitat en properes ocasions en les quals necessitem de nou la seva col\u00b7laboraci\u00f3.<\/p>\n<p>&nbsp;<\/p>\n<p><a href=\"https:\/\/impulsate.org\/es\/colabora\/\">&lt; Tornar a la p\u00e0gina anterior<\/a>[\/vc_column_text][\/vc_column_inner][vc_column_inner width=\u00bb1\/2&#8243;][vc_single_image image=\u00bb21478&#8243; img_size=\u00bbfull\u00bb alignment=\u00bbright\u00bb qode_css_animation=\u00bb\u00bb][\/vc_column_inner][\/vc_row_inner][\/vc_column][\/vc_row]<\/p>\n","protected":false},"excerpt":{"rendered":"<p>[vc_row row_type=\u00bbrow\u00bb use_row_as_full_screen_section=\u00bbno\u00bb type=\u00bbfull_width\u00bb text_align=\u00bbleft\u00bb background_color=\u00bb#f5f5f5&#8243; css_animation=\u00bb\u00bb][vc_column][vc_row_inner row_type=\u00bbrow\u00bb type=\u00bbgrid\u00bb use_row_as_full_screen_section_slide=\u00bbno\u00bb text_align=\u00bbleft\u00bb padding_top=\u00bb80&#8243; css_animation=\u00bb\u00bb][vc_column_inner width=\u00bb1\/2&#8243; css=\u00bb.vc_custom_1500546256789{margin-bottom: 32px !important;}\u00bb][vc_column_text]Amb aquest format podr\u00e0 realitzar donacions \u00faniques fent una transfer\u00e8ncia de l\u2019import que desitgi al compte bancari d\u2019ImpulsaT: &nbsp; ES97 2100 4815 2322 0004 1516 &nbsp; Gr\u00e0cies pel seu donatiu! &nbsp; Esperem tornar a comptar amb la seva generositat [&hellip;]<\/p>\n","protected":false},"author":1,"featured_media":0,"parent":0,"menu_order":0,"comment_status":"open","ping_status":"open","template":"","meta":{"_acf_changed":false,"give_campaign_id":0,"footnotes":""},"class_list":["post-22010","page","type-page","status-publish","hentry"],"acf":[],"campaignId":"","_links":{"self":[{"href":"https:\/\/impulsate.org\/es\/wp-json\/wp\/v2\/pages\/22010","targetHints":{"allow":["GET"]}}],"collection":[{"href":"https:\/\/impulsate.org\/es\/wp-json\/wp\/v2\/pages"}],"about":[{"href":"https:\/\/impulsate.org\/es\/wp-json\/wp\/v2\/types\/page"}],"author":[{"embeddable":true,"href":"https:\/\/impulsate.org\/es\/wp-json\/wp\/v2\/users\/1"}],"replies":[{"embeddable":true,"href":"https:\/\/impulsate.org\/es\/wp-json\/wp\/v2\/comments?post=22010"}],"version-history":[{"count":2,"href":"https:\/\/impulsate.org\/es\/wp-json\/wp\/v2\/pages\/22010\/revisions"}],"predecessor-version":[{"id":23308,"href":"https:\/\/impulsate.org\/es\/wp-json\/wp\/v2\/pages\/22010\/revisions\/23308"}],"wp:attachment":[{"href":"https:\/\/impulsate.org\/es\/wp-json\/wp\/v2\/media?parent=22010"}],"curies":[{"name":"wp","href":"https:\/\/api.w.org\/{rel}","templated":true}]}}