{"id":21996,"date":"2017-07-20T11:51:55","date_gmt":"2017-07-20T10:51:55","guid":{"rendered":"https:\/\/impulsate.org\/colabora-socio\/"},"modified":"2025-01-23T03:47:15","modified_gmt":"2025-01-23T02:47:15","slug":"colabora-socio","status":"publish","type":"page","link":"https:\/\/impulsate.org\/es\/colabora-socio\/","title":{"rendered":"Socio"},"content":{"rendered":"<p>[vc_row row_type=\u00bbrow\u00bb use_row_as_full_screen_section=\u00bbno\u00bb type=\u00bbfull_width\u00bb text_align=\u00bbleft\u00bb background_color=\u00bb#f5f5f5&#8243; css_animation=\u00bb\u00bb][vc_column][vc_row_inner row_type=\u00bbrow\u00bb type=\u00bbgrid\u00bb use_row_as_full_screen_section_slide=\u00bbno\u00bb text_align=\u00bbleft\u00bb padding_top=\u00bb80&#8243; css_animation=\u00bb\u00bb][vc_column_inner width=\u00bb1\/2&#8243;][vc_column_text][contact-form-7 id=\u00bb21993&#8243; title=\u00bbForm colabora soci CA\u00bb][\/vc_column_text][\/vc_column_inner][vc_column_inner width=\u00bb1\/2&#8243;][vc_column_text css=\u00bb.vc_custom_1500548317483{margin-top: 16px !important;}\u00bb]Per a donar-te d&#8217;alta com a soci\/a de l&#8217;associaci\u00f3 <strong>ImpulsaT<\/strong> has d&#8217;omplir el formulari amb les dades que et demanem i la quota amb la qu\u00e8 vols col\u00b7laborar.<\/p>\n<p>&nbsp;<\/p>\n<p>Quan rebem el teu formulari, comprovarem que tot \u00e9s correcte i ens posarem en contacte amb tu per comunicar-te la teva admissi\u00f3 com a soci d\u2019<strong>ImpulsaT<\/strong>. Per aquest motiu \u00e9s necessari que ens puguis facilitar un m\u00f2bil o b\u00e9 un correu electr\u00f2nic, tal i com et demanem en el formulari d\u2019alta.<\/p>\n<p>&nbsp;<\/p>\n<p>Quan hi hagi alguna novetat te la farem saber enviant-te un correu electr\u00f2nic a l\u2019adre\u00e7a que ens facilitis en el formulari d\u2019alta. Tamb\u00e9 et farem arribar les dates de les assemblees i qualsevol altra informaci\u00f3 que et pugui ser \u00fatil.<\/p>\n<p>&nbsp;<\/p>\n<p>Si el soci\/a \u00e9s menor de 14 anys, haur\u00e0 de complimentar el seg\u00fcent formulari amb les dades dels seus pares o representants legals.<\/p>\n<p>&nbsp;<\/p>\n<p>Moltes gr\u00e0cies!<\/p>\n<p>&nbsp;<\/p>\n<p><a href=\"https:\/\/impulsate.org\/colabora\/\">&lt; Tornar a la p\u00e0gina anterior<\/a>[\/vc_column_text][\/vc_column_inner][\/vc_row_inner][vc_empty_space][\/vc_column][\/vc_row]<\/p>\n","protected":false},"excerpt":{"rendered":"<p>[vc_row row_type=\u00bbrow\u00bb use_row_as_full_screen_section=\u00bbno\u00bb type=\u00bbfull_width\u00bb text_align=\u00bbleft\u00bb background_color=\u00bb#f5f5f5&#8243; css_animation=\u00bb\u00bb][vc_column][vc_row_inner row_type=\u00bbrow\u00bb type=\u00bbgrid\u00bb use_row_as_full_screen_section_slide=\u00bbno\u00bb text_align=\u00bbleft\u00bb padding_top=\u00bb80&#8243; css_animation=\u00bb\u00bb][vc_column_inner width=\u00bb1\/2&#8243;][vc_column_text][contact-form-7 id=\u00bb21993&#8243; title=\u00bbForm colabora soci CA\u00bb][\/vc_column_text][\/vc_column_inner][vc_column_inner width=\u00bb1\/2&#8243;][vc_column_text css=\u00bb.vc_custom_1500548317483{margin-top: 16px !important;}\u00bb]Per a donar-te d&#8217;alta com a soci\/a de l&#8217;associaci\u00f3 ImpulsaT has d&#8217;omplir el formulari amb les dades que et demanem i la quota amb la qu\u00e8 vols col\u00b7laborar. &nbsp; Quan rebem el teu [&hellip;]<\/p>\n","protected":false},"author":1,"featured_media":0,"parent":0,"menu_order":0,"comment_status":"open","ping_status":"open","template":"","meta":{"_acf_changed":false,"give_campaign_id":0,"footnotes":""},"class_list":["post-21996","page","type-page","status-publish","hentry"],"acf":[],"campaignId":"","_links":{"self":[{"href":"https:\/\/impulsate.org\/es\/wp-json\/wp\/v2\/pages\/21996","targetHints":{"allow":["GET"]}}],"collection":[{"href":"https:\/\/impulsate.org\/es\/wp-json\/wp\/v2\/pages"}],"about":[{"href":"https:\/\/impulsate.org\/es\/wp-json\/wp\/v2\/types\/page"}],"author":[{"embeddable":true,"href":"https:\/\/impulsate.org\/es\/wp-json\/wp\/v2\/users\/1"}],"replies":[{"embeddable":true,"href":"https:\/\/impulsate.org\/es\/wp-json\/wp\/v2\/comments?post=21996"}],"version-history":[{"count":6,"href":"https:\/\/impulsate.org\/es\/wp-json\/wp\/v2\/pages\/21996\/revisions"}],"predecessor-version":[{"id":29938,"href":"https:\/\/impulsate.org\/es\/wp-json\/wp\/v2\/pages\/21996\/revisions\/29938"}],"wp:attachment":[{"href":"https:\/\/impulsate.org\/es\/wp-json\/wp\/v2\/media?parent=21996"}],"curies":[{"name":"wp","href":"https:\/\/api.w.org\/{rel}","templated":true}]}}