{"id":22012,"date":"2017-07-20T12:06:51","date_gmt":"2017-07-20T11:06:51","guid":{"rendered":"https:\/\/impulsate.org\/donate-timely-donation\/"},"modified":"2020-02-19T11:31:34","modified_gmt":"2020-02-19T10:31:34","slug":"donate-timely-donation","status":"publish","type":"page","link":"https:\/\/impulsate.org\/en\/donate-timely-donation\/","title":{"rendered":"Donate &#8211; Timely donation"},"content":{"rendered":"<p>[vc_row row_type=&#8221;row&#8221; use_row_as_full_screen_section=&#8221;no&#8221; type=&#8221;full_width&#8221; text_align=&#8221;left&#8221; background_color=&#8221;#f5f5f5&#8243; css_animation=&#8221;&#8221;][vc_column][vc_row_inner row_type=&#8221;row&#8221; type=&#8221;grid&#8221; use_row_as_full_screen_section_slide=&#8221;no&#8221; text_align=&#8221;left&#8221; padding_top=&#8221;80&#8243; css_animation=&#8221;&#8221;][vc_column_inner width=&#8221;1\/2&#8243; css=&#8221;.vc_custom_1500546256789{margin-bottom: 32px !important;}&#8221;][vc_column_text]Amb aquest format podr\u00e0 realitzar donacions \u00faniques fent una transfer\u00e8ncia de l\u2019import que desitgi al compte bancari d\u2019<strong>ImpulsaT<\/strong>:<\/p>\n<p>&nbsp;<\/p>\n<h5><strong>ES97 2100 4815 2322 0004 1516<\/strong><\/h5>\n<p>&nbsp;<\/p>\n<p>Gr\u00e0cies pel seu donatiu!<\/p>\n<p>&nbsp;<\/p>\n<p>Esperem tornar a comptar amb la seva generositat i fidelitat en properes ocasions en les quals necessitem de nou la seva col\u00b7laboraci\u00f3.<\/p>\n<p>&nbsp;<\/p>\n<p><a href=\"https:\/\/impulsate.org\/en\/donate-now\/\">&lt; Tornar a la p\u00e0gina anterior<\/a>[\/vc_column_text][\/vc_column_inner][vc_column_inner width=&#8221;1\/2&#8243;][vc_single_image image=&#8221;21478&#8243; img_size=&#8221;full&#8221; alignment=&#8221;right&#8221; qode_css_animation=&#8221;&#8221;][\/vc_column_inner][\/vc_row_inner][\/vc_column][\/vc_row]<\/p>\n","protected":false},"excerpt":{"rendered":"<p>[vc_row row_type=&#8221;row&#8221; use_row_as_full_screen_section=&#8221;no&#8221; type=&#8221;full_width&#8221; text_align=&#8221;left&#8221; background_color=&#8221;#f5f5f5&#8243; css_animation=&#8221;&#8221;][vc_column][vc_row_inner row_type=&#8221;row&#8221; type=&#8221;grid&#8221; use_row_as_full_screen_section_slide=&#8221;no&#8221; text_align=&#8221;left&#8221; padding_top=&#8221;80&#8243; css_animation=&#8221;&#8221;][vc_column_inner width=&#8221;1\/2&#8243; css=&#8221;.vc_custom_1500546256789{margin-bottom: 32px !important;}&#8221;][vc_column_text]Amb aquest format podr\u00e0 realitzar donacions \u00faniques fent una transfer\u00e8ncia de l\u2019import que desitgi al compte bancari d\u2019ImpulsaT: &nbsp; ES97 2100 4815 2322 0004 1516 &nbsp; Gr\u00e0cies pel seu donatiu! &nbsp; Esperem tornar a comptar amb la seva generositat [&hellip;]<\/p>\n","protected":false},"author":1,"featured_media":0,"parent":0,"menu_order":0,"comment_status":"open","ping_status":"open","template":"","meta":{"_acf_changed":false,"give_campaign_id":0,"footnotes":""},"class_list":["post-22012","page","type-page","status-publish","hentry"],"acf":[],"campaignId":"","_links":{"self":[{"href":"https:\/\/impulsate.org\/en\/wp-json\/wp\/v2\/pages\/22012","targetHints":{"allow":["GET"]}}],"collection":[{"href":"https:\/\/impulsate.org\/en\/wp-json\/wp\/v2\/pages"}],"about":[{"href":"https:\/\/impulsate.org\/en\/wp-json\/wp\/v2\/types\/page"}],"author":[{"embeddable":true,"href":"https:\/\/impulsate.org\/en\/wp-json\/wp\/v2\/users\/1"}],"replies":[{"embeddable":true,"href":"https:\/\/impulsate.org\/en\/wp-json\/wp\/v2\/comments?post=22012"}],"version-history":[{"count":1,"href":"https:\/\/impulsate.org\/en\/wp-json\/wp\/v2\/pages\/22012\/revisions"}],"predecessor-version":[{"id":22013,"href":"https:\/\/impulsate.org\/en\/wp-json\/wp\/v2\/pages\/22012\/revisions\/22013"}],"wp:attachment":[{"href":"https:\/\/impulsate.org\/en\/wp-json\/wp\/v2\/media?parent=22012"}],"curies":[{"name":"wp","href":"https:\/\/api.w.org\/{rel}","templated":true}]}}